{"id":12458,"date":"2023-05-31T02:39:44","date_gmt":"2023-05-31T02:39:44","guid":{"rendered":"https:\/\/jakare-liveaboard.com\/boat-technical-specifications\/"},"modified":"2024-01-28T15:37:23","modified_gmt":"2024-01-28T15:37:23","slug":"specifications-techniques-du-bateau","status":"publish","type":"page","link":"https:\/\/jakare-liveaboard.com\/fr\/specifications-techniques-du-bateau\/","title":{"rendered":"SPECIFICATIONS TECHNIQUES DU BATEAU"},"content":{"rendered":"<section id=\"hero-block_6857a947b16a3d830c06405b999556c0\" class=\"w-screen h-[500px] lg:h-[60vh] relative hero  \">\n    <div class=\"bg-black\/40 z-[5] w-full h-full absolute inset-0\"><\/div>\n        <!-- images -->\n    <div class=\"w-full h-full overflow-hidden relative z-0\">\n                <div class=\"hero-slider swiper w-full h-full\" data-aos=\"zoomout-custom\">\n            <div class=\"swiper-wrapper\">\n                                <img decoding=\"async\" class=\"swiper-slide w-full h-full object-cover\" src=\"https:\/\/jakare-liveaboard.com\/wp-content\/uploads\/2023\/05\/2G6A9533.jpeg\" \/>\n                            <\/div>\n        <\/div>\n            <\/div>\n\n    \n        <div class=\"-transla -translate-y-1\/2 w-full absolute right-0 left-0 top-1\/2 z-10 pt-24\">\n        <div class=\"text-center text-white\">\n                        <div class=\"font-heading text-4xl font-semibold leading-tight lg:text-[42px]\" data-aos=\"fadeup-custom\">\n                <h1 style=\"text-align: center;\">Specifications techniques du Bateau<\/h1>\n            <\/div>\n            \n                    <\/div>\n    <\/div>\n\n\n\n    <\/section>\n\n\n<section id=\"accordion-spec-block_5fe1fabdc9ec9515ef22c28f7884b1ed\" class=\" my-12 accordion-spec  \">\n    <div class=\"container relative\">\n                <h2 class=\" text-xl3 tracking-[.34px] leading-none uppercase font-heading font-semibold text-center \"\n            data-aos=\"fadeup-custom\">\n            JAKARE\n                        <br \/><span class=\" text-[24px]\">SP\u00c9CIFICIT\u00c9S TECHNIQUES<\/span>\n                    <\/h2>\n        \n        <div class=\"flex flex-col-reverse items-center my-8 xl:space-x-4 lg:my-12 lg:flex-row\">\n                        <div class=\"w-full lg:basis-1\/2 lg:px-8\" id=\"myTab\" data-tabs-toggle=\"#myTabContent\" role=\"tablist\">\n\n                                <div role=\"presentation\">\n                    <button class=\"w-full group tab-nav\" data-aos=\"fadeup-custom\" id=\"tabs-1-tab\"\n                        data-tabs-target=\"#tabs-1\" role=\"tab\" aria-controls=\"tabs-1\"\n                        aria-selected=\"true\">\n                                                <div\n                            class=\"relative flex items-center justify-between w-full py-4 pr-8 mb-2 text-xl text-left transition-all duration-500 border-b border-black border-solid font-heading lg:text-xl2 lg:pr-0 accordion-button \">\n                            <h5>IDENTITE<\/h5>\n\n                            <div\n                                class=\"before:content-['+'] icon-accor before:font-base before:absolute before:right-1 before:top-1\/2 before:-translate-y-1\/2 text-xl3\">\n                            <\/div>\n                        <\/div>\n                        \n                                                <div class=\"overflow-hidden transition-all duration-500 max-h-0 accordion-body desc-nav\">\n                            <div class=\"py-4 text-lg text-left p-mb lg:pr-20\">\n                                \n                                                                <div class=\"grid grid-cols-2 gap-1 tracking-[.64px] \">\n                                                                        <div class=\"font-bold\">Nom<\/div>\n                                    <div>Jakar\u00e9<\/div>\n                                                                        <div class=\"font-bold\">Construction<\/div>\n                                    <div>Tanah Beru (Sud de Sulawesi), 2015 \u00e0 2017<\/div>\n                                                                        <div class=\"font-bold\">Pavilion<\/div>\n                                    <div>Indonesien<\/div>\n                                                                    <\/div>\n                                                            <\/div>\n                        <\/div>\n                        \n                    <\/button>\n                <\/div>\n                                <div role=\"presentation\">\n                    <button class=\"w-full group tab-nav\" data-aos=\"fadeup-custom\" id=\"tabs-2-tab\"\n                        data-tabs-target=\"#tabs-2\" role=\"tab\" aria-controls=\"tabs-2\"\n                        aria-selected=\"false\">\n                                                <div\n                            class=\"relative flex items-center justify-between w-full py-4 pr-8 mb-2 text-xl text-left transition-all duration-500 border-b border-black border-solid font-heading lg:text-xl2 lg:pr-0 accordion-button \">\n                            <h5>DIMENSIONS<\/h5>\n\n                            <div\n                                class=\"before:content-['+'] icon-accor before:font-base before:absolute before:right-1 before:top-1\/2 before:-translate-y-1\/2 text-xl3\">\n                            <\/div>\n                        <\/div>\n                        \n                                                <div class=\"overflow-hidden transition-all duration-500 max-h-0 accordion-body desc-nav\">\n                            <div class=\"py-4 text-lg text-left p-mb lg:pr-20\">\n                                \n                                                                <div class=\"grid grid-cols-2 gap-1 tracking-[.64px] \">\n                                                                        <div class=\"font-bold\">Longueur<\/div>\n                                    <div>30m<\/div>\n                                                                        <div class=\"font-bold\">Largeur<\/div>\n                                    <div>7m<\/div>\n                                                                        <div class=\"font-bold\">Tirant d&#8217;eau<\/div>\n                                    <div>2m<\/div>\n                                                                        <div class=\"font-bold\">2 m\u00e2ts<\/div>\n                                    <div><\/div>\n                                                                        <div class=\"font-bold\">Surface de voile maximale<\/div>\n                                    <div>500 m\u00b2<\/div>\n                                                                    <\/div>\n                                                            <\/div>\n                        <\/div>\n                        \n                    <\/button>\n                <\/div>\n                                <div role=\"presentation\">\n                    <button class=\"w-full group tab-nav\" data-aos=\"fadeup-custom\" id=\"tabs-3-tab\"\n                        data-tabs-target=\"#tabs-3\" role=\"tab\" aria-controls=\"tabs-3\"\n                        aria-selected=\"false\">\n                                                <div\n                            class=\"relative flex items-center justify-between w-full py-4 pr-8 mb-2 text-xl text-left transition-all duration-500 border-b border-black border-solid font-heading lg:text-xl2 lg:pr-0 accordion-button \">\n                            <h5>PERFORMANCE<\/h5>\n\n                            <div\n                                class=\"before:content-['+'] icon-accor before:font-base before:absolute before:right-1 before:top-1\/2 before:-translate-y-1\/2 text-xl3\">\n                            <\/div>\n                        <\/div>\n                        \n                                                <div class=\"overflow-hidden transition-all duration-500 max-h-0 accordion-body desc-nav\">\n                            <div class=\"py-4 text-lg text-left p-mb lg:pr-20\">\n                                \n                                                                <div class=\"grid grid-cols-2 gap-1 tracking-[.64px] \">\n                                                                        <div class=\"font-bold\">Moteur<\/div>\n                                    <div>Yuchai 240 Hp <\/div>\n                                                                        <div class=\"font-bold\">Vitesse de croisi\u00e8re<\/div>\n                                    <div>8 n\u0153uds<\/div>\n                                                                        <div class=\"font-bold\">R\u00e9servoirs d&#8217;eau<\/div>\n                                    <div>7000 litres<\/div>\n                                                                        <div class=\"font-bold\">Dessalinisateur<\/div>\n                                    <div>280 lph<\/div>\n                                                                        <div class=\"font-bold\">R\u00e9servoirs de carburant<\/div>\n                                    <div> 7000 litres<\/div>\n                                                                        <div class=\"font-bold\">\u00c9lectricit\u00e9<\/div>\n                                    <div>24V et 220V (12KVA &#038; 20KVA g\u00e9n\u00e9rateurs)<\/div>\n                                                                    <\/div>\n                                                            <\/div>\n                        <\/div>\n                        \n                    <\/button>\n                <\/div>\n                                <div role=\"presentation\">\n                    <button class=\"w-full group tab-nav\" data-aos=\"fadeup-custom\" id=\"tabs-4-tab\"\n                        data-tabs-target=\"#tabs-4\" role=\"tab\" aria-controls=\"tabs-4\"\n                        aria-selected=\"false\">\n                                                <div\n                            class=\"relative flex items-center justify-between w-full py-4 pr-8 mb-2 text-xl text-left transition-all duration-500 border-b border-black border-solid font-heading lg:text-xl2 lg:pr-0 accordion-button \">\n                            <h5>\u00c9QUIPEMENT DE PLONG\u00c9E<\/h5>\n\n                            <div\n                                class=\"before:content-['+'] icon-accor before:font-base before:absolute before:right-1 before:top-1\/2 before:-translate-y-1\/2 text-xl3\">\n                            <\/div>\n                        <\/div>\n                        \n                                                <div class=\"overflow-hidden transition-all duration-500 max-h-0 accordion-body desc-nav\">\n                            <div class=\"py-4 text-lg text-left p-mb lg:pr-20\">\n                                \n                                                                <div class=\"grid grid-cols-2 gap-1 tracking-[.64px] \">\n                                                                        <div class=\"font-bold\">Deux compresseurs de plong\u00e9e haute pression<\/div>\n                                    <div>Bauer<\/div>\n                                                                        <div class=\"font-bold\">\u00c9quipement de plong\u00e9e et de snorkeling<\/div>\n                                    <div>Aqualung<\/div>\n                                                                        <div class=\"font-bold\">\u00c9quipement de plong\u00e9e TEK<\/div>\n                                    <div><\/div>\n                                                                        <div class=\"font-bold\">Location d&#8217;\u00e9quipement de plong\u00e9e<\/div>\n                                    <div><\/div>\n                                                                        <div class=\"font-bold\">Nitrox \u00e0 bord<\/div>\n                                    <div><\/div>\n                                                                    <\/div>\n                                                            <\/div>\n                        <\/div>\n                        \n                    <\/button>\n                <\/div>\n                                <div role=\"presentation\">\n                    <button class=\"w-full group tab-nav\" data-aos=\"fadeup-custom\" id=\"tabs-5-tab\"\n                        data-tabs-target=\"#tabs-5\" role=\"tab\" aria-controls=\"tabs-5\"\n                        aria-selected=\"false\">\n                                                <div\n                            class=\"relative flex items-center justify-between w-full py-4 pr-8 mb-2 text-xl text-left transition-all duration-500 border-b border-black border-solid font-heading lg:text-xl2 lg:pr-0 accordion-button \">\n                            <h5>\u00c9QUIPEMENT DU NAVIRE<\/h5>\n\n                            <div\n                                class=\"before:content-['+'] icon-accor before:font-base before:absolute before:right-1 before:top-1\/2 before:-translate-y-1\/2 text-xl3\">\n                            <\/div>\n                        <\/div>\n                        \n                                                <div class=\"overflow-hidden transition-all duration-500 max-h-0 accordion-body desc-nav\">\n                            <div class=\"py-4 text-lg text-left p-mb lg:pr-20\">\n                                \n                                                                <div class=\"grid grid-cols-2 gap-1 tracking-[.64px] \">\n                                                                        <div class=\"font-bold\">Toutes les cabines sont enti\u00e8rement climatis\u00e9es<\/div>\n                                    <div><\/div>\n                                                                        <div class=\"font-bold\">Aides \u00e0 la navigation<\/div>\n                                    <div>GPS \/ Plotter \/ Sonar Furuno, VHF, SSB Radio et ICOM Radar, EPIRB, COMPAS<\/div>\n                                                                        <div class=\"font-bold\">Eau chaude<\/div>\n                                    <div><\/div>\n                                                                        <div class=\"font-bold\">2 x dinghies<\/div>\n                                    <div>rigid 5.80 m \/ 40HP and RIB 5.0 m \/40HP<\/div>\n                                                                        <div class=\"font-bold\">2 kayaks et 1 x SUP<\/div>\n                                    <div><\/div>\n                                                                        <div class=\"font-bold\">Jeux <\/div>\n                                    <div><\/div>\n                                                                        <div class=\"font-bold\">Wakeboard<\/div>\n                                    <div><\/div>\n                                                                    <\/div>\n                                                            <\/div>\n                        <\/div>\n                        \n                    <\/button>\n                <\/div>\n                                <div role=\"presentation\">\n                    <button class=\"w-full group tab-nav\" data-aos=\"fadeup-custom\" id=\"tabs-6-tab\"\n                        data-tabs-target=\"#tabs-6\" role=\"tab\" aria-controls=\"tabs-6\"\n                        aria-selected=\"false\">\n                                                <div\n                            class=\"relative flex items-center justify-between w-full py-4 pr-8 mb-2 text-xl text-left transition-all duration-500 border-b border-black border-solid font-heading lg:text-xl2 lg:pr-0 accordion-button \">\n                            <h5>S\u00c9CURIT\u00c9<\/h5>\n\n                            <div\n                                class=\"before:content-['+'] icon-accor before:font-base before:absolute before:right-1 before:top-1\/2 before:-translate-y-1\/2 text-xl3\">\n                            <\/div>\n                        <\/div>\n                        \n                                                <div class=\"overflow-hidden transition-all duration-500 max-h-0 accordion-body desc-nav\">\n                            <div class=\"py-4 text-lg text-left p-mb lg:pr-20\">\n                                <p><b>\u2022<\/b> Extincteurs et d\u00e9tecteurs d&#8217;incendie (fum\u00e9e et chaleur)<br \/>\n\u2022 2 radeaux de sauvetage et 4 bou\u00e9es de sauvetage<br \/>\n\u2022 Plus de 30 gilets de sauvetage pour adultes et enfants<br \/>\n<b>\u2022<\/b>\u00a0EPIRB<br \/>\n<b>\u2022<\/b> Kit de premiers secours complet<br \/>\n\u2022 DAE (d\u00e9fibrillateur automatique externe)<br \/>\n\u2022 T\u00e9l\u00e9phone satellite Iridium<\/p>\n\n                                                            <\/div>\n                        <\/div>\n                        \n                    <\/button>\n                <\/div>\n                \n            <\/div>\n            \n                        <div class=\"relative w-full mb-12 overflow-hidden lg:basis-1\/2 lg:px-8 lg:mb-0\">\n                <img decoding=\"async\" src=\"https:\/\/jakare-liveaboard.com\/wp-content\/uploads\/2023\/06\/Ship-Floor-Plan-01-1.png\" alt=\"Ship Floor Plan-01\" class=\"w-full h-auto\"\n                    data-aos=\"zoomout-custom\">\n            <\/div>\n            \n        <\/div>\n\n    <\/div>\n<\/section>\n","protected":false},"excerpt":{"rendered":"","protected":false},"author":1,"featured_media":0,"parent":0,"menu_order":0,"comment_status":"closed","ping_status":"closed","template":"","meta":{"inline_featured_image":false,"footnotes":""},"class_list":["post-12458","page","type-page","status-publish","hentry"],"acf":[],"yoast_head":"<!-- This site is optimized with the Yoast SEO plugin v27.2 - https:\/\/yoast.com\/product\/yoast-seo-wordpress\/ -->\n<title>Sp\u00e9cifications techniques du bateau | Jakare Liveaboard<\/title>\n<meta name=\"description\" content=\"D\u00e9couvrez les sp\u00e9cifications techniques d\u00e9taill\u00e9es du Jakare Boat, des performances du moteur \u00e0 l\u2019\u00e9quipement de plong\u00e9e et du bateau.\" \/>\n<meta name=\"robots\" content=\"index, follow, max-snippet:-1, max-image-preview:large, max-video-preview:-1\" \/>\n<link rel=\"canonical\" href=\"https:\/\/jakare-liveaboard.com\/fr\/specifications-techniques-du-bateau\/\" \/>\n<meta property=\"og:locale\" content=\"fr_FR\" \/>\n<meta property=\"og:type\" content=\"article\" \/>\n<meta property=\"og:title\" content=\"Sp\u00e9cifications techniques du bateau | Jakare Liveaboard\" \/>\n<meta property=\"og:description\" content=\"D\u00e9couvrez les sp\u00e9cifications techniques d\u00e9taill\u00e9es du Jakare Boat, des performances du moteur \u00e0 l\u2019\u00e9quipement de plong\u00e9e et du bateau.\" \/>\n<meta property=\"og:url\" content=\"https:\/\/jakare-liveaboard.com\/fr\/specifications-techniques-du-bateau\/\" \/>\n<meta property=\"og:site_name\" content=\"Jakare\" \/>\n<meta property=\"article:modified_time\" content=\"2024-01-28T15:37:23+00:00\" \/>\n<meta name=\"twitter:card\" content=\"summary_large_image\" \/>\n<script type=\"application\/ld+json\" class=\"yoast-schema-graph\">{\"@context\":\"https:\/\/schema.org\",\"@graph\":[{\"@type\":\"WebPage\",\"@id\":\"https:\/\/jakare-liveaboard.com\/fr\/specifications-techniques-du-bateau\/\",\"url\":\"https:\/\/jakare-liveaboard.com\/fr\/specifications-techniques-du-bateau\/\",\"name\":\"Sp\u00e9cifications techniques du bateau | Jakare Liveaboard\",\"isPartOf\":{\"@id\":\"https:\/\/jakare-liveaboard.com\/fr\/#website\"},\"datePublished\":\"2023-05-31T02:39:44+00:00\",\"dateModified\":\"2024-01-28T15:37:23+00:00\",\"description\":\"D\u00e9couvrez les sp\u00e9cifications techniques d\u00e9taill\u00e9es du Jakare Boat, des performances du moteur \u00e0 l\u2019\u00e9quipement de plong\u00e9e et du bateau.\",\"breadcrumb\":{\"@id\":\"https:\/\/jakare-liveaboard.com\/fr\/specifications-techniques-du-bateau\/#breadcrumb\"},\"inLanguage\":\"fr-FR\",\"potentialAction\":[{\"@type\":\"ReadAction\",\"target\":[\"https:\/\/jakare-liveaboard.com\/fr\/specifications-techniques-du-bateau\/\"]}]},{\"@type\":\"BreadcrumbList\",\"@id\":\"https:\/\/jakare-liveaboard.com\/fr\/specifications-techniques-du-bateau\/#breadcrumb\",\"itemListElement\":[{\"@type\":\"ListItem\",\"position\":1,\"name\":\"Home\",\"item\":\"https:\/\/jakare-liveaboard.com\/fr\/\"},{\"@type\":\"ListItem\",\"position\":2,\"name\":\"SPECIFICATIONS TECHNIQUES DU BATEAU\"}]},{\"@type\":\"WebSite\",\"@id\":\"https:\/\/jakare-liveaboard.com\/fr\/#website\",\"url\":\"https:\/\/jakare-liveaboard.com\/fr\/\",\"name\":\"Jakare\",\"description\":\"\",\"publisher\":{\"@id\":\"https:\/\/jakare-liveaboard.com\/fr\/#organization\"},\"potentialAction\":[{\"@type\":\"SearchAction\",\"target\":{\"@type\":\"EntryPoint\",\"urlTemplate\":\"https:\/\/jakare-liveaboard.com\/fr\/?s={search_term_string}\"},\"query-input\":{\"@type\":\"PropertyValueSpecification\",\"valueRequired\":true,\"valueName\":\"search_term_string\"}}],\"inLanguage\":\"fr-FR\"},{\"@type\":\"Organization\",\"@id\":\"https:\/\/jakare-liveaboard.com\/fr\/#organization\",\"name\":\"Jakare\",\"url\":\"https:\/\/jakare-liveaboard.com\/fr\/\",\"logo\":{\"@type\":\"ImageObject\",\"inLanguage\":\"fr-FR\",\"@id\":\"https:\/\/jakare-liveaboard.com\/fr\/#\/schema\/logo\/image\/\",\"url\":\"https:\/\/jakare-liveaboard.com\/wp-content\/uploads\/2023\/05\/Main-02.svg\",\"contentUrl\":\"https:\/\/jakare-liveaboard.com\/wp-content\/uploads\/2023\/05\/Main-02.svg\",\"caption\":\"Jakare\"},\"image\":{\"@id\":\"https:\/\/jakare-liveaboard.com\/fr\/#\/schema\/logo\/image\/\"}}]}<\/script>\n<!-- \/ Yoast SEO plugin. -->","yoast_head_json":{"title":"Sp\u00e9cifications techniques du bateau | Jakare Liveaboard","description":"D\u00e9couvrez les sp\u00e9cifications techniques d\u00e9taill\u00e9es du Jakare Boat, des performances du moteur \u00e0 l\u2019\u00e9quipement de plong\u00e9e et du bateau.","robots":{"index":"index","follow":"follow","max-snippet":"max-snippet:-1","max-image-preview":"max-image-preview:large","max-video-preview":"max-video-preview:-1"},"canonical":"https:\/\/jakare-liveaboard.com\/fr\/specifications-techniques-du-bateau\/","og_locale":"fr_FR","og_type":"article","og_title":"Sp\u00e9cifications techniques du bateau | Jakare Liveaboard","og_description":"D\u00e9couvrez les sp\u00e9cifications techniques d\u00e9taill\u00e9es du Jakare Boat, des performances du moteur \u00e0 l\u2019\u00e9quipement de plong\u00e9e et du bateau.","og_url":"https:\/\/jakare-liveaboard.com\/fr\/specifications-techniques-du-bateau\/","og_site_name":"Jakare","article_modified_time":"2024-01-28T15:37:23+00:00","twitter_card":"summary_large_image","schema":{"@context":"https:\/\/schema.org","@graph":[{"@type":"WebPage","@id":"https:\/\/jakare-liveaboard.com\/fr\/specifications-techniques-du-bateau\/","url":"https:\/\/jakare-liveaboard.com\/fr\/specifications-techniques-du-bateau\/","name":"Sp\u00e9cifications techniques du bateau | Jakare Liveaboard","isPartOf":{"@id":"https:\/\/jakare-liveaboard.com\/fr\/#website"},"datePublished":"2023-05-31T02:39:44+00:00","dateModified":"2024-01-28T15:37:23+00:00","description":"D\u00e9couvrez les sp\u00e9cifications techniques d\u00e9taill\u00e9es du Jakare Boat, des performances du moteur \u00e0 l\u2019\u00e9quipement de plong\u00e9e et du bateau.","breadcrumb":{"@id":"https:\/\/jakare-liveaboard.com\/fr\/specifications-techniques-du-bateau\/#breadcrumb"},"inLanguage":"fr-FR","potentialAction":[{"@type":"ReadAction","target":["https:\/\/jakare-liveaboard.com\/fr\/specifications-techniques-du-bateau\/"]}]},{"@type":"BreadcrumbList","@id":"https:\/\/jakare-liveaboard.com\/fr\/specifications-techniques-du-bateau\/#breadcrumb","itemListElement":[{"@type":"ListItem","position":1,"name":"Home","item":"https:\/\/jakare-liveaboard.com\/fr\/"},{"@type":"ListItem","position":2,"name":"SPECIFICATIONS TECHNIQUES DU BATEAU"}]},{"@type":"WebSite","@id":"https:\/\/jakare-liveaboard.com\/fr\/#website","url":"https:\/\/jakare-liveaboard.com\/fr\/","name":"Jakare","description":"","publisher":{"@id":"https:\/\/jakare-liveaboard.com\/fr\/#organization"},"potentialAction":[{"@type":"SearchAction","target":{"@type":"EntryPoint","urlTemplate":"https:\/\/jakare-liveaboard.com\/fr\/?s={search_term_string}"},"query-input":{"@type":"PropertyValueSpecification","valueRequired":true,"valueName":"search_term_string"}}],"inLanguage":"fr-FR"},{"@type":"Organization","@id":"https:\/\/jakare-liveaboard.com\/fr\/#organization","name":"Jakare","url":"https:\/\/jakare-liveaboard.com\/fr\/","logo":{"@type":"ImageObject","inLanguage":"fr-FR","@id":"https:\/\/jakare-liveaboard.com\/fr\/#\/schema\/logo\/image\/","url":"https:\/\/jakare-liveaboard.com\/wp-content\/uploads\/2023\/05\/Main-02.svg","contentUrl":"https:\/\/jakare-liveaboard.com\/wp-content\/uploads\/2023\/05\/Main-02.svg","caption":"Jakare"},"image":{"@id":"https:\/\/jakare-liveaboard.com\/fr\/#\/schema\/logo\/image\/"}}]}},"_links":{"self":[{"href":"https:\/\/jakare-liveaboard.com\/fr\/wp-json\/wp\/v2\/pages\/12458","targetHints":{"allow":["GET"]}}],"collection":[{"href":"https:\/\/jakare-liveaboard.com\/fr\/wp-json\/wp\/v2\/pages"}],"about":[{"href":"https:\/\/jakare-liveaboard.com\/fr\/wp-json\/wp\/v2\/types\/page"}],"author":[{"embeddable":true,"href":"https:\/\/jakare-liveaboard.com\/fr\/wp-json\/wp\/v2\/users\/1"}],"replies":[{"embeddable":true,"href":"https:\/\/jakare-liveaboard.com\/fr\/wp-json\/wp\/v2\/comments?post=12458"}],"version-history":[{"count":24,"href":"https:\/\/jakare-liveaboard.com\/fr\/wp-json\/wp\/v2\/pages\/12458\/revisions"}],"predecessor-version":[{"id":17423,"href":"https:\/\/jakare-liveaboard.com\/fr\/wp-json\/wp\/v2\/pages\/12458\/revisions\/17423"}],"wp:attachment":[{"href":"https:\/\/jakare-liveaboard.com\/fr\/wp-json\/wp\/v2\/media?parent=12458"}],"curies":[{"name":"wp","href":"https:\/\/api.w.org\/{rel}","templated":true}]}}