{"id":12464,"date":"2023-05-19T08:48:25","date_gmt":"2023-05-19T08:48:25","guid":{"rendered":"https:\/\/jakare-liveaboard.com\/contact\/"},"modified":"2024-01-28T15:52:17","modified_gmt":"2024-01-28T15:52:17","slug":"contacts","status":"publish","type":"page","link":"https:\/\/jakare-liveaboard.com\/fr\/contacts\/","title":{"rendered":"CONTACTS"},"content":{"rendered":"\n<div style=\"height:200px\" aria-hidden=\"true\" class=\"wp-block-spacer hidden lg:block\"><\/div>\n\n\n<section id=\"contact-form-plain-block_6b7a861bbda511d68bebc6c19eddb073\" class=\"max-w-[100vw] mt-32 mb-12 lg:mt-0 overflow-x-hidden contact-form-plain \">\n\n    <div class=\"container\">\n                    <div data-aos=\"fadeup-custom\" class=\"font-semibold text-center font-heading text-xl3 lg:text-[42px]\">\n                <h1>Embarquez \u00e0 bord d&#8217;un autre monde<\/h1>\n            <\/div>\n        \n                    <div data-aos=\"fadeup-custom\" class=\"mt-5 text-base text-center\">\n                <p>Notre \u00e9quipe experte en r\u00e9servations vous aidera \u00e0 personnaliser vos vacances \u00e0 bord du Jakar\u00e9. Contactez-nous et nous vous r\u00e9pondrons !<\/p>\n            <\/div>\n        \n                    <div class=\"relative\">\n                <div class=\"max-w-[856px] pt-10 pb-6 lg:px-8 mx-auto relative z-10 bg-white\"\n                    data-aos=\"fadeup-custom\">\n\n                        \n<div class=\"wpcf7 no-js\" id=\"wpcf7-f14109-o1\" lang=\"en-US\" dir=\"ltr\" data-wpcf7-id=\"14109\">\n<div class=\"screen-reader-response\"><p role=\"status\" aria-live=\"polite\" aria-atomic=\"true\"><\/p> <ul><\/ul><\/div>\n<form action=\"\/fr\/wp-json\/wp\/v2\/pages\/12464#wpcf7-f14109-o1\" method=\"post\" class=\"wpcf7-form init\" aria-label=\"Contact form\" novalidate=\"novalidate\" data-status=\"init\">\n<fieldset class=\"hidden-fields-container\"><input type=\"hidden\" name=\"_wpcf7\" value=\"14109\" \/><input type=\"hidden\" name=\"_wpcf7_version\" value=\"6.1.5\" \/><input type=\"hidden\" name=\"_wpcf7_locale\" value=\"en_US\" \/><input type=\"hidden\" name=\"_wpcf7_unit_tag\" value=\"wpcf7-f14109-o1\" \/><input type=\"hidden\" name=\"_wpcf7_container_post\" value=\"0\" \/><input type=\"hidden\" name=\"_wpcf7_posted_data_hash\" value=\"\" \/><input type=\"hidden\" name=\"_wpcf7_recaptcha_response\" value=\"\" \/>\n<\/fieldset>\n<div class=\"cf7-builder-container-row1 cf7-builder-container-row-inner cf7-main-builder dropped ui-sortable-handle\" id=\"cf7-container-builder-1694155040019\">\n\t<div class=\"cf7-ctrl\">\n\t\t<div class=\"cf7-move\">\n\t\t<\/div>\n\t\t<div class=\"cf7-colunm\">\n\t\t<\/div>\n\t\t<div class=\"cf7-dub cf7-dub-row\">\n\t\t<\/div>\n\t\t<div class=\"cf7-remove\">\n\t\t<\/div>\n\t<\/div>\n\t<div class=\"cf7-row\">\n\t\t<div class=\"col-md-6\">\n\t\t\t<div class=\"cf7-builder-container-row-inner-drop ui-droppable ui-sortable\">\n\t\t\t\t<div class=\"cf7-text cf7-main-builder dropped ui-sortable-helper ui-sortable-handle\" id=\"cf7-container-builder-1685072862129\">\n\t\t\t\t\t<div class=\"cf7-ctrl cf7-ctrl-inner\">\n\t\t\t\t\t\t<div class=\"cf7-move\">\n\t\t\t\t\t\t<\/div>\n\t\t\t\t\t\t<div class=\"cf7-edit\">\n\t\t\t\t\t\t<\/div>\n\t\t\t\t\t\t<div class=\"cf7-dub cf7-dub-text\">\n\t\t\t\t\t\t<\/div>\n\t\t\t\t\t\t<div class=\"cf7-remove\">\n\t\t\t\t\t\t<\/div>\n\t\t\t\t\t<\/div>\n\t\t\t\t\t<div class=\"cf7_text_label\">\n\t\t\t\t\t\t<p>Pr\u00e9nom :\n\t\t\t\t\t\t<\/p>\n\t\t\t\t\t<\/div>\n\t\t\t\t\t<div class=\"cf7_font\">\n\t\t\t\t\t<\/div>\n\t\t\t\t\t<div class=\"cf7_text_shortcode\">\n\t\t\t\t\t\t<p><span class=\"wpcf7-form-control-wrap\" data-name=\"first-name\"><input size=\"40\" maxlength=\"400\" class=\"wpcf7-form-control wpcf7-text wpcf7-validates-as-required form-input\" aria-required=\"true\" aria-invalid=\"false\" placeholder=\"Votre Pr\u00e9nom\" value=\"\" type=\"text\" name=\"first-name\" \/><\/span>\n\t\t\t\t\t\t<\/p>\n\t\t\t\t\t<\/div>\n\t\t\t\t<\/div>\n\t\t\t\t<div class=\"cf7-text cf7-main-builder dropped ui-sortable-helper ui-sortable-handle\" id=\"cf7-container-builder-1685072916296\">\n\t\t\t\t\t<div class=\"cf7-ctrl cf7-ctrl-inner\">\n\t\t\t\t\t\t<div class=\"cf7-move\">\n\t\t\t\t\t\t<\/div>\n\t\t\t\t\t\t<div class=\"cf7-edit\">\n\t\t\t\t\t\t<\/div>\n\t\t\t\t\t\t<div class=\"cf7-dub cf7-dub-text\">\n\t\t\t\t\t\t<\/div>\n\t\t\t\t\t\t<div class=\"cf7-remove\">\n\t\t\t\t\t\t<\/div>\n\t\t\t\t\t<\/div>\n\t\t\t\t\t<div class=\"cf7_text_label\">\n\t\t\t\t\t\t<p>Nom :\n\t\t\t\t\t\t<\/p>\n\t\t\t\t\t<\/div>\n\t\t\t\t\t<div class=\"cf7_font\">\n\t\t\t\t\t<\/div>\n\t\t\t\t\t<div class=\"cf7_text_shortcode\">\n\t\t\t\t\t\t<p><span class=\"wpcf7-form-control-wrap\" data-name=\"last-name\"><input size=\"40\" maxlength=\"400\" class=\"wpcf7-form-control wpcf7-text form-input\" aria-invalid=\"false\" placeholder=\"Votre Nom\" value=\"\" type=\"text\" name=\"last-name\" \/><\/span>\n\t\t\t\t\t\t<\/p>\n\t\t\t\t\t<\/div>\n\t\t\t\t<\/div>\n\t\t\t<\/div>\n\t\t<\/div>\n\t\t<div class=\"col-md-6\">\n\t\t\t<div class=\"cf7-builder-container-row-inner-drop ui-droppable ui-sortable\">\n\t\t\t\t<div class=\"cf7-text cf7-main-builder dropped ui-sortable-helper ui-sortable-handle\" id=\"cf7-container-builder-1685082048067\">\n\t\t\t\t\t<div class=\"cf7-ctrl cf7-ctrl-inner\">\n\t\t\t\t\t\t<div class=\"cf7-move\">\n\t\t\t\t\t\t<\/div>\n\t\t\t\t\t\t<div class=\"cf7-edit\">\n\t\t\t\t\t\t<\/div>\n\t\t\t\t\t\t<div class=\"cf7-dub cf7-dub-text\">\n\t\t\t\t\t\t<\/div>\n\t\t\t\t\t\t<div class=\"cf7-remove\">\n\t\t\t\t\t\t<\/div>\n\t\t\t\t\t<\/div>\n\t\t\t\t\t<div class=\"cf7_text_label\">\n\t\t\t\t\t\t<p>Email :\n\t\t\t\t\t\t<\/p>\n\t\t\t\t\t<\/div>\n\t\t\t\t\t<div class=\"cf7_font\">\n\t\t\t\t\t<\/div>\n\t\t\t\t\t<div class=\"cf7_text_shortcode\">\n\t\t\t\t\t\t<p><span class=\"wpcf7-form-control-wrap\" data-name=\"your-email\"><input size=\"40\" maxlength=\"400\" class=\"wpcf7-form-control wpcf7-email wpcf7-validates-as-required wpcf7-text wpcf7-validates-as-email form-input\" aria-required=\"true\" aria-invalid=\"false\" placeholder=\"Votre Email\" value=\"\" type=\"email\" name=\"your-email\" \/><\/span>\n\t\t\t\t\t\t<\/p>\n\t\t\t\t\t<\/div>\n\t\t\t\t<\/div>\n\t\t\t\t<div class=\"cf7-text cf7-main-builder dropped ui-sortable-helper ui-sortable-handle\" id=\"cf7-container-builder-1734280\">\n\t\t\t\t\t<div class=\"cf7-ctrl cf7-ctrl-inner\">\n\t\t\t\t\t\t<div class=\"cf7-move\">\n\t\t\t\t\t\t<\/div>\n\t\t\t\t\t\t<div class=\"cf7-edit\">\n\t\t\t\t\t\t<\/div>\n\t\t\t\t\t\t<div class=\"cf7-dub cf7-dub-text\">\n\t\t\t\t\t\t<\/div>\n\t\t\t\t\t\t<div class=\"cf7-remove\">\n\t\t\t\t\t\t<\/div>\n\t\t\t\t\t<\/div>\n\t\t\t\t\t<div class=\"cf7_text_label\">\n\t\t\t\t\t\t<p>Num\u00e9ro de t\u00e9l\u00e9phone :\n\t\t\t\t\t\t<\/p>\n\t\t\t\t\t<\/div>\n\t\t\t\t\t<div class=\"cf7_font\">\n\t\t\t\t\t<\/div>\n\t\t\t\t\t<div class=\"cf7_text_shortcode\">\n\t\t\t\t\t\t<p><span class=\"wpcf7-form-control-wrap\" data-name=\"phone\"><input size=\"40\" maxlength=\"400\" class=\"wpcf7-form-control wpcf7-tel wpcf7-validates-as-required wpcf7-text wpcf7-validates-as-tel form-input\" aria-required=\"true\" aria-invalid=\"false\" placeholder=\"Votre num\u00e9ro de t\u00e9l\u00e9phone\" value=\"\" type=\"tel\" name=\"phone\" \/><\/span>\n\t\t\t\t\t\t<\/p>\n\t\t\t\t\t<\/div>\n\t\t\t\t<\/div>\n\t\t\t<\/div>\n\t\t<\/div>\n\t<\/div>\n<\/div>\n<div class=\"cf7-builder-container-row1 cf7-builder-container-row-inner cf7-main-builder dropped ui-sortable-handle\" id=\"cf7-container-builder-1511681290919\">\n\t<div class=\"cf7-ctrl\">\n\t\t<div class=\"cf7-move\">\n\t\t<\/div>\n\t\t<div class=\"cf7-colunm\">\n\t\t<\/div>\n\t\t<div class=\"cf7-dub cf7-dub-row\">\n\t\t<\/div>\n\t\t<div class=\"cf7-remove\">\n\t\t<\/div>\n\t<\/div>\n\t<div class=\"cf7-row\">\n\t\t<div class=\"col-md-4\">\n\t\t\t<div class=\"cf7-builder-container-row-inner-drop ui-droppable ui-sortable\">\n\t\t\t\t<div class=\"cf7-text cf7-main-builder dropped ui-sortable-helper ui-sortable-handle\" id=\"cf7-container-builder-1685073475278\">\n\t\t\t\t\t<div class=\"cf7-ctrl cf7-ctrl-inner\">\n\t\t\t\t\t\t<div class=\"cf7-move\">\n\t\t\t\t\t\t<\/div>\n\t\t\t\t\t\t<div class=\"cf7-edit\">\n\t\t\t\t\t\t<\/div>\n\t\t\t\t\t\t<div class=\"cf7-dub cf7-dub-text\">\n\t\t\t\t\t\t<\/div>\n\t\t\t\t\t\t<div class=\"cf7-remove\">\n\t\t\t\t\t\t<\/div>\n\t\t\t\t\t<\/div>\n\t\t\t\t\t<div class=\"cf7_text_label\">\n\t\t\t\t\t\t<p>Type de croisi\u00e8re :\n\t\t\t\t\t\t<\/p>\n\t\t\t\t\t<\/div>\n\t\t\t\t\t<div class=\"cf7_font\">\n\t\t\t\t\t<\/div>\n\t\t\t\t\t<div class=\"cf7_text_shortcode\">\n\t\t\t\t\t\t<p><span class=\"wpcf7-form-control-wrap\" data-name=\"typecruise\"><select class=\"wpcf7-form-control wpcf7-select wpcf7-validates-as-required form-input\" aria-required=\"true\" aria-invalid=\"false\" name=\"typecruise\"><option value=\"Private Charter\">Private Charter<\/option><option value=\"Cabin \/ Shared\">Cabin \/ Shared<\/option><\/select><\/span>\n\t\t\t\t\t\t<\/p>\n\t\t\t\t\t<\/div>\n\t\t\t\t<\/div>\n\t\t\t<\/div>\n\t\t<\/div>\n\t\t<div class=\"col-md-4\">\n\t\t\t<div class=\"cf7-builder-container-row-inner-drop ui-droppable ui-sortable\">\n\t\t\t\t<div class=\"cf7-text cf7-main-builder dropped ui-sortable-handle\" id=\"cf7-container-builder-1685082061825\">\n\t\t\t\t\t<div class=\"cf7-ctrl cf7-ctrl-inner\">\n\t\t\t\t\t\t<div class=\"cf7-move\">\n\t\t\t\t\t\t<\/div>\n\t\t\t\t\t\t<div class=\"cf7-edit\">\n\t\t\t\t\t\t<\/div>\n\t\t\t\t\t\t<div class=\"cf7-dub cf7-dub-text\">\n\t\t\t\t\t\t<\/div>\n\t\t\t\t\t\t<div class=\"cf7-remove\">\n\t\t\t\t\t\t<\/div>\n\t\t\t\t\t<\/div>\n\t\t\t\t\t<div class=\"cf7_text_label\">\n\t\t\t\t\t\t<p>Destination :\n\t\t\t\t\t\t<\/p>\n\t\t\t\t\t<\/div>\n\t\t\t\t\t<div class=\"cf7_font\">\n\t\t\t\t\t<\/div>\n\t\t\t\t\t<div class=\"cf7_text_shortcode\">\n\t\t\t\t\t\t<p><span class=\"wpcf7-form-control-wrap\" data-name=\"destination\"><select class=\"wpcf7-form-control wpcf7-select wpcf7-validates-as-required form-input\" aria-required=\"true\" aria-invalid=\"false\" name=\"destination\"><option value=\"Komodo National Park\">Komodo National Park<\/option><option value=\"Raja Ampat\">Raja Ampat<\/option><option value=\"Alor\">Alor<\/option><option value=\"Spice Islands\">Spice Islands<\/option><option value=\"Halmahera - Moluques\">Halmahera &#8211; Moluques<\/option><option value=\"Sulawesi - Togean Islands\">Sulawesi &#8211; Togean Islands<\/option><option value=\"Triton Bay\">Triton Bay<\/option><option value=\"Undecided\">Undecided<\/option><\/select><\/span>\n\t\t\t\t\t\t<\/p>\n\t\t\t\t\t<\/div>\n\t\t\t\t<\/div>\n\t\t\t<\/div>\n\t\t<\/div>\n\t\t<div class=\"col-md-4\">\n\t\t\t<div class=\"cf7-builder-container-row-inner-drop ui-droppable ui-sortable\">\n\t\t\t\t<div class=\"ui-sortable-placeholder cf7-text cf7-main-builder dropped ui-sortable-handle\" >\n\t\t\t\t<\/div>\n\t\t\t\t<div class=\"cf7-text cf7-main-builder dropped ui-sortable-handle\" id=\"cf7-container-builder-1685081789716\">\n\t\t\t\t\t<div class=\"cf7-ctrl cf7-ctrl-inner\">\n\t\t\t\t\t\t<div class=\"cf7-move\">\n\t\t\t\t\t\t<\/div>\n\t\t\t\t\t\t<div class=\"cf7-edit\">\n\t\t\t\t\t\t<\/div>\n\t\t\t\t\t\t<div class=\"cf7-dub cf7-dub-text\">\n\t\t\t\t\t\t<\/div>\n\t\t\t\t\t\t<div class=\"cf7-remove\">\n\t\t\t\t\t\t<\/div>\n\t\t\t\t\t<\/div>\n\t\t\t\t\t<div class=\"cf7_text_label\">\n\t\t\t\t\t\t<p>Mois de d\u00e9part\n\t\t\t\t\t\t<\/p>\n\t\t\t\t\t<\/div>\n\t\t\t\t\t<div class=\"cf7_font\">\n\t\t\t\t\t<\/div>\n\t\t\t\t\t<div class=\"cf7_text_shortcode\">\n\t\t\t\t\t\t<p><span class=\"wpcf7-form-control-wrap\" data-name=\"month\"><input size=\"40\" maxlength=\"400\" class=\"wpcf7-form-control wpcf7-text wpcf7-validates-as-required form-input\" id=\"air-picker\" aria-required=\"true\" aria-invalid=\"false\" placeholder=\"Mois de d\u00e9part\" value=\"\" type=\"text\" name=\"month\" \/><\/span>\n\t\t\t\t\t\t<\/p>\n\t\t\t\t\t<\/div>\n\t\t\t\t<\/div>\n\t\t\t\t<div class=\"ui-sortable-placeholder cf7-text cf7-main-builder dropped ui-sortable-handle\" >\n\t\t\t\t<\/div>\n\t\t\t<\/div>\n\t\t<\/div>\n\t<\/div>\n<\/div>\n<div class=\"cf7-builder-container-row1 cf7-builder-container-row-inner cf7-main-builder dropped ui-sortable-handle\" id=\"cf7-container-builder-1685072888316\">\n\t<div class=\"cf7-ctrl\">\n\t\t<div class=\"cf7-move\">\n\t\t<\/div>\n\t\t<div class=\"cf7-colunm\">\n\t\t<\/div>\n\t\t<div class=\"cf7-dub cf7-dub-row\">\n\t\t<\/div>\n\t\t<div class=\"cf7-remove\">\n\t\t<\/div>\n\t<\/div>\n\t<div class=\"cf7-row\">\n\t\t<div class=\"col-md-8\">\n\t\t\t<div class=\"cf7-builder-container-row-inner-drop ui-droppable ui-sortable\">\n\t\t\t\t<div class=\"cf7-text cf7-main-builder dropped ui-sortable-helper ui-sortable-handle\" id=\"cf7-container-builder-1685081964479\">\n\t\t\t\t\t<div class=\"cf7-ctrl cf7-ctrl-inner\">\n\t\t\t\t\t\t<div class=\"cf7-move\">\n\t\t\t\t\t\t<\/div>\n\t\t\t\t\t\t<div class=\"cf7-edit\">\n\t\t\t\t\t\t<\/div>\n\t\t\t\t\t\t<div class=\"cf7-dub cf7-dub-text\">\n\t\t\t\t\t\t<\/div>\n\t\t\t\t\t\t<div class=\"cf7-remove\">\n\t\t\t\t\t\t<\/div>\n\t\t\t\t\t<\/div>\n\t\t\t\t\t<div class=\"cf7_text_label\">\n\t\t\t\t\t\t<p>Message :\n\t\t\t\t\t\t<\/p>\n\t\t\t\t\t<\/div>\n\t\t\t\t\t<div class=\"cf7_font\">\n\t\t\t\t\t<\/div>\n\t\t\t\t\t<div class=\"cf7_text_shortcode\">\n\t\t\t\t\t\t<p><span class=\"wpcf7-form-control-wrap\" data-name=\"your-message\"><textarea cols=\"40\" rows=\"3\" maxlength=\"2000\" class=\"wpcf7-form-control wpcf7-textarea form-input\" aria-invalid=\"false\" placeholder=\"Votre message\" name=\"your-message\"><\/textarea><\/span>\n\t\t\t\t\t\t<\/p>\n\t\t\t\t\t<\/div>\n\t\t\t\t<\/div>\n\t\t\t<\/div>\n\t\t<\/div>\n\t\t<div class=\"col-md-4\">\n\t\t\t<div class=\"cf7-builder-container-row-inner-drop ui-droppable ui-sortable\">\n\t\t\t\t<div class=\"cf7-text cf7-main-builder dropped ui-sortable-handle\" id=\"cf7-container-builder-1685084180976\">\n\t\t\t\t\t<div class=\"cf7-ctrl cf7-ctrl-inner\">\n\t\t\t\t\t\t<div class=\"cf7-move\">\n\t\t\t\t\t\t<\/div>\n\t\t\t\t\t\t<div class=\"cf7-edit\">\n\t\t\t\t\t\t<\/div>\n\t\t\t\t\t\t<div class=\"cf7-dub cf7-dub-text\">\n\t\t\t\t\t\t<\/div>\n\t\t\t\t\t\t<div class=\"cf7-remove\">\n\t\t\t\t\t\t<\/div>\n\t\t\t\t\t<\/div>\n\t\t\t\t\t<div class=\"cf7_font\">\n\t\t\t\t\t<\/div>\n\t\t\t\t\t<div class=\"cf7_text_shortcode\">\n\t\t\t\t\t\t<p><input class=\"wpcf7-form-control wpcf7-submit has-spinner btn-solid\" type=\"submit\" value=\"Envoyer\" \/>\n\t\t\t\t\t\t<\/p>\n\t\t\t\t\t<\/div>\n\t\t\t\t<\/div>\n\t\t\t<\/div>\n\t\t<\/div>\n\t<\/div>\n<\/div><div class=\"wpcf7-response-output\" aria-hidden=\"true\"><\/div>\n<\/form>\n<\/div>\n                    <\/div>\n                <\/div>\n            <\/div>\n        <\/section>\n\n\n<section id=\"column-content-block_5f1f7849c6251cdcdf7c19be1aa83eff\" class=\"bg-zinc-100 column-content \">\n    <div class=\"container\">\n        <div class=\"max-w-[848px] w-full lg:px-10 pt-16 pb-24 mx-auto\">\n            <div class=\"flex flex-col space-y-12 md:flex-row md:justify-between md:space-y-0\">\n                                    <div>\n                                                    <div class=\"text-2xl font-bold font-heading\">\n                                Adresse                            <\/div>\n                            <div class=\"border-t w-full max-w-[40px] mt-5\"><\/div>\n                        \n                                                    <div class=\"leading-relaxed mt-7\">\n                                <p>PT. ONE ABSOLUTE POTENTIAL<\/p>\n<p>&nbsp;<\/p>\n<p>88 X, Jalan Pengubengan Kauh, Desa\/<br \/>\nKelurahan Kerobokan Kelod,Kec. Kuta Utara,<br \/>\nKab. Badung, Provinsi Bali,Kode Pos: 80361<\/p>\n                            <\/div>\n                        \n                                            <\/div>\n                                    <div>\n                                                    <div class=\"text-2xl font-bold font-heading\">\n                                Pour toutes questions et demandes                             <\/div>\n                            <div class=\"border-t w-full max-w-[40px] mt-5\"><\/div>\n                        \n                                                    <div class=\"leading-relaxed mt-7\">\n                                <p><strong>Num\u00e9ro de t\u00e9l\u00e9phone<\/strong>: <a href=\"tel:+6281237084617\">+62 812-3708-4617<\/a><\/p>\n<p><strong>Email<\/strong>: <a href=\"mailto:hello@jakare-liveaboard.com\">hello@jakare-liveaboard.com<\/a><\/p>\n                            <\/div>\n                        \n                                                    <ul class=\"flex items-center mt-5 space-x-2\">\n                                                                        <li>\n                                            <a href=\"https:\/\/wa.me\/6281237084617\" target=\"_blank\" title=\"Whatsapp\">\n                                                                                                    <div class=\"w-7\">\n                                                        <img loading=\"lazy\" decoding=\"async\" width=\"150\" height=\"150\" src=\"https:\/\/jakare-liveaboard.com\/wp-content\/uploads\/2023\/05\/whatsapp.svg\" class=\"attachment-thumbnail size-thumbnail\" alt=\"\" \/>                                                    <\/div>\n                                                                                            <\/a>\n                                        <\/li>\n                                                                        <li>\n                                            <a href=\"https:\/\/www.facebook.com\/Jakar%C3%A9-Liveaboard-2000889553486551\/\" target=\"_blank\" title=\"Facebook\">\n                                                                                                    <div class=\"w-7\">\n                                                        <img loading=\"lazy\" decoding=\"async\" width=\"150\" height=\"150\" src=\"https:\/\/jakare-liveaboard.com\/wp-content\/uploads\/2023\/05\/facebook-1.svg\" class=\"attachment-thumbnail size-thumbnail\" alt=\"\" \/>                                                    <\/div>\n                                                                                            <\/a>\n                                        <\/li>\n                                                                        <li>\n                                            <a href=\"https:\/\/www.instagram.com\/jakareliveaboard\" target=\"_blank\" title=\"Instagram\">\n                                                                                                    <div class=\"w-7\">\n                                                        <img loading=\"lazy\" decoding=\"async\" width=\"150\" height=\"150\" src=\"https:\/\/jakare-liveaboard.com\/wp-content\/uploads\/2023\/05\/instagram-1.svg\" class=\"attachment-thumbnail size-thumbnail\" alt=\"\" \/>                                                    <\/div>\n                                                                                            <\/a>\n                                        <\/li>\n                                                            <\/ul>\n                                            <\/div>\n                            <\/div>\n        <\/div>\n    <\/div>\n<\/section>\n","protected":false},"excerpt":{"rendered":"","protected":false},"author":1,"featured_media":0,"parent":0,"menu_order":0,"comment_status":"closed","ping_status":"closed","template":"","meta":{"inline_featured_image":false,"footnotes":""},"class_list":["post-12464","page","type-page","status-publish","hentry"],"acf":[],"yoast_head":"<!-- This site is optimized with the Yoast SEO plugin v27.2 - https:\/\/yoast.com\/product\/yoast-seo-wordpress\/ -->\n<title>Contactez-nous | R\u00e9servation et demandes | Jakare Liveaboard<\/title>\n<meta name=\"description\" content=\"Contactez-nous si vous avez des questions ou des demandes de r\u00e9servation concernant le Jakare Liveaboard, ou abonnez-vous \u00e0 nos newsletters pour rester \u00e0 jour.\" \/>\n<meta name=\"robots\" content=\"index, follow, max-snippet:-1, max-image-preview:large, max-video-preview:-1\" \/>\n<link rel=\"canonical\" href=\"https:\/\/jakare-liveaboard.com\/fr\/contacts\/\" \/>\n<meta property=\"og:locale\" content=\"fr_FR\" \/>\n<meta property=\"og:type\" content=\"article\" \/>\n<meta property=\"og:title\" content=\"Contactez-nous | R\u00e9servation et demandes | Jakare Liveaboard\" \/>\n<meta property=\"og:description\" content=\"Contactez-nous si vous avez des questions ou des demandes de r\u00e9servation concernant le Jakare Liveaboard, ou abonnez-vous \u00e0 nos newsletters pour rester \u00e0 jour.\" \/>\n<meta property=\"og:url\" content=\"https:\/\/jakare-liveaboard.com\/fr\/contacts\/\" \/>\n<meta property=\"og:site_name\" content=\"Jakare\" \/>\n<meta property=\"article:modified_time\" content=\"2024-01-28T15:52:17+00:00\" \/>\n<meta name=\"twitter:card\" content=\"summary_large_image\" \/>\n<script type=\"application\/ld+json\" class=\"yoast-schema-graph\">{\"@context\":\"https:\/\/schema.org\",\"@graph\":[{\"@type\":\"WebPage\",\"@id\":\"https:\/\/jakare-liveaboard.com\/fr\/contacts\/\",\"url\":\"https:\/\/jakare-liveaboard.com\/fr\/contacts\/\",\"name\":\"Contactez-nous | R\u00e9servation et demandes | Jakare Liveaboard\",\"isPartOf\":{\"@id\":\"https:\/\/jakare-liveaboard.com\/fr\/#website\"},\"datePublished\":\"2023-05-19T08:48:25+00:00\",\"dateModified\":\"2024-01-28T15:52:17+00:00\",\"description\":\"Contactez-nous si vous avez des questions ou des demandes de r\u00e9servation concernant le Jakare Liveaboard, ou abonnez-vous \u00e0 nos newsletters pour rester \u00e0 jour.\",\"breadcrumb\":{\"@id\":\"https:\/\/jakare-liveaboard.com\/fr\/contacts\/#breadcrumb\"},\"inLanguage\":\"fr-FR\",\"potentialAction\":[{\"@type\":\"ReadAction\",\"target\":[\"https:\/\/jakare-liveaboard.com\/fr\/contacts\/\"]}]},{\"@type\":\"BreadcrumbList\",\"@id\":\"https:\/\/jakare-liveaboard.com\/fr\/contacts\/#breadcrumb\",\"itemListElement\":[{\"@type\":\"ListItem\",\"position\":1,\"name\":\"Home\",\"item\":\"https:\/\/jakare-liveaboard.com\/fr\/\"},{\"@type\":\"ListItem\",\"position\":2,\"name\":\"CONTACTS\"}]},{\"@type\":\"WebSite\",\"@id\":\"https:\/\/jakare-liveaboard.com\/fr\/#website\",\"url\":\"https:\/\/jakare-liveaboard.com\/fr\/\",\"name\":\"Jakare\",\"description\":\"\",\"publisher\":{\"@id\":\"https:\/\/jakare-liveaboard.com\/fr\/#organization\"},\"potentialAction\":[{\"@type\":\"SearchAction\",\"target\":{\"@type\":\"EntryPoint\",\"urlTemplate\":\"https:\/\/jakare-liveaboard.com\/fr\/?s={search_term_string}\"},\"query-input\":{\"@type\":\"PropertyValueSpecification\",\"valueRequired\":true,\"valueName\":\"search_term_string\"}}],\"inLanguage\":\"fr-FR\"},{\"@type\":\"Organization\",\"@id\":\"https:\/\/jakare-liveaboard.com\/fr\/#organization\",\"name\":\"Jakare\",\"url\":\"https:\/\/jakare-liveaboard.com\/fr\/\",\"logo\":{\"@type\":\"ImageObject\",\"inLanguage\":\"fr-FR\",\"@id\":\"https:\/\/jakare-liveaboard.com\/fr\/#\/schema\/logo\/image\/\",\"url\":\"https:\/\/jakare-liveaboard.com\/wp-content\/uploads\/2023\/05\/Main-02.svg\",\"contentUrl\":\"https:\/\/jakare-liveaboard.com\/wp-content\/uploads\/2023\/05\/Main-02.svg\",\"caption\":\"Jakare\"},\"image\":{\"@id\":\"https:\/\/jakare-liveaboard.com\/fr\/#\/schema\/logo\/image\/\"}}]}<\/script>\n<!-- \/ Yoast SEO plugin. -->","yoast_head_json":{"title":"Contactez-nous | R\u00e9servation et demandes | Jakare Liveaboard","description":"Contactez-nous si vous avez des questions ou des demandes de r\u00e9servation concernant le Jakare Liveaboard, ou abonnez-vous \u00e0 nos newsletters pour rester \u00e0 jour.","robots":{"index":"index","follow":"follow","max-snippet":"max-snippet:-1","max-image-preview":"max-image-preview:large","max-video-preview":"max-video-preview:-1"},"canonical":"https:\/\/jakare-liveaboard.com\/fr\/contacts\/","og_locale":"fr_FR","og_type":"article","og_title":"Contactez-nous | R\u00e9servation et demandes | Jakare Liveaboard","og_description":"Contactez-nous si vous avez des questions ou des demandes de r\u00e9servation concernant le Jakare Liveaboard, ou abonnez-vous \u00e0 nos newsletters pour rester \u00e0 jour.","og_url":"https:\/\/jakare-liveaboard.com\/fr\/contacts\/","og_site_name":"Jakare","article_modified_time":"2024-01-28T15:52:17+00:00","twitter_card":"summary_large_image","schema":{"@context":"https:\/\/schema.org","@graph":[{"@type":"WebPage","@id":"https:\/\/jakare-liveaboard.com\/fr\/contacts\/","url":"https:\/\/jakare-liveaboard.com\/fr\/contacts\/","name":"Contactez-nous | R\u00e9servation et demandes | Jakare Liveaboard","isPartOf":{"@id":"https:\/\/jakare-liveaboard.com\/fr\/#website"},"datePublished":"2023-05-19T08:48:25+00:00","dateModified":"2024-01-28T15:52:17+00:00","description":"Contactez-nous si vous avez des questions ou des demandes de r\u00e9servation concernant le Jakare Liveaboard, ou abonnez-vous \u00e0 nos newsletters pour rester \u00e0 jour.","breadcrumb":{"@id":"https:\/\/jakare-liveaboard.com\/fr\/contacts\/#breadcrumb"},"inLanguage":"fr-FR","potentialAction":[{"@type":"ReadAction","target":["https:\/\/jakare-liveaboard.com\/fr\/contacts\/"]}]},{"@type":"BreadcrumbList","@id":"https:\/\/jakare-liveaboard.com\/fr\/contacts\/#breadcrumb","itemListElement":[{"@type":"ListItem","position":1,"name":"Home","item":"https:\/\/jakare-liveaboard.com\/fr\/"},{"@type":"ListItem","position":2,"name":"CONTACTS"}]},{"@type":"WebSite","@id":"https:\/\/jakare-liveaboard.com\/fr\/#website","url":"https:\/\/jakare-liveaboard.com\/fr\/","name":"Jakare","description":"","publisher":{"@id":"https:\/\/jakare-liveaboard.com\/fr\/#organization"},"potentialAction":[{"@type":"SearchAction","target":{"@type":"EntryPoint","urlTemplate":"https:\/\/jakare-liveaboard.com\/fr\/?s={search_term_string}"},"query-input":{"@type":"PropertyValueSpecification","valueRequired":true,"valueName":"search_term_string"}}],"inLanguage":"fr-FR"},{"@type":"Organization","@id":"https:\/\/jakare-liveaboard.com\/fr\/#organization","name":"Jakare","url":"https:\/\/jakare-liveaboard.com\/fr\/","logo":{"@type":"ImageObject","inLanguage":"fr-FR","@id":"https:\/\/jakare-liveaboard.com\/fr\/#\/schema\/logo\/image\/","url":"https:\/\/jakare-liveaboard.com\/wp-content\/uploads\/2023\/05\/Main-02.svg","contentUrl":"https:\/\/jakare-liveaboard.com\/wp-content\/uploads\/2023\/05\/Main-02.svg","caption":"Jakare"},"image":{"@id":"https:\/\/jakare-liveaboard.com\/fr\/#\/schema\/logo\/image\/"}}]}},"_links":{"self":[{"href":"https:\/\/jakare-liveaboard.com\/fr\/wp-json\/wp\/v2\/pages\/12464","targetHints":{"allow":["GET"]}}],"collection":[{"href":"https:\/\/jakare-liveaboard.com\/fr\/wp-json\/wp\/v2\/pages"}],"about":[{"href":"https:\/\/jakare-liveaboard.com\/fr\/wp-json\/wp\/v2\/types\/page"}],"author":[{"embeddable":true,"href":"https:\/\/jakare-liveaboard.com\/fr\/wp-json\/wp\/v2\/users\/1"}],"replies":[{"embeddable":true,"href":"https:\/\/jakare-liveaboard.com\/fr\/wp-json\/wp\/v2\/comments?post=12464"}],"version-history":[{"count":25,"href":"https:\/\/jakare-liveaboard.com\/fr\/wp-json\/wp\/v2\/pages\/12464\/revisions"}],"predecessor-version":[{"id":17428,"href":"https:\/\/jakare-liveaboard.com\/fr\/wp-json\/wp\/v2\/pages\/12464\/revisions\/17428"}],"wp:attachment":[{"href":"https:\/\/jakare-liveaboard.com\/fr\/wp-json\/wp\/v2\/media?parent=12464"}],"curies":[{"name":"wp","href":"https:\/\/api.w.org\/{rel}","templated":true}]}}